{"id":156,"date":"2019-05-02T18:42:09","date_gmt":"2019-05-02T16:42:09","guid":{"rendered":"https:\/\/vinali.online\/blog\/"},"modified":"2025-02-03T10:13:50","modified_gmt":"2025-02-03T09:13:50","slug":"blog","status":"publish","type":"page","link":"https:\/\/vinali.online\/ca\/blog\/","title":{"rendered":"Blog"},"content":{"rendered":"<div data-elementor-type=\"wp-post\" data-elementor-id=\"156\" class=\"elementor elementor-156\">\n\t\t\t\t<div class=\"elementor-element elementor-element-ad8836e e-flex e-con-boxed e-con e-parent\" data-id=\"ad8836e\" data-element_type=\"container\">\n\t\t\t\t\t<div class=\"e-con-inner\">\n\t\t<div class=\"elementor-element elementor-element-b22151b e-con-full e-flex e-con e-child\" data-id=\"b22151b\" data-element_type=\"container\">\n\t\t<div class=\"elementor-element elementor-element-01613ac e-con-full e-flex e-con e-child\" data-id=\"01613ac\" data-element_type=\"container\">\n\t\t\t\t<div class=\"elementor-element elementor-element-35c404f aux-appear-watch-animation aux-fade-in-up elementor-widget__width-auto elementor-widget elementor-widget-heading\" data-id=\"35c404f\" data-element_type=\"widget\" data-widget_type=\"heading.default\">\n\t\t\t\t<div class=\"elementor-widget-container\">\n\t\t\t\t\t<h5 class=\"elementor-heading-title elementor-size-default\">BLOG<\/h5>\t\t\t\t<\/div>\n\t\t\t\t<\/div>\n\t\t\t\t<div class=\"elementor-element elementor-element-f038c98 elementor-widget__width-auto elementor-widget elementor-widget-aux_modern_heading\" data-id=\"f038c98\" data-element_type=\"widget\" data-widget_type=\"aux_modern_heading.default\">\n\t\t\t\t<div class=\"elementor-widget-container\">\n\t\t\t\t\t<section class=\"aux-widget-modern-heading\">\n            <div class=\"aux-widget-inner\"><h5 class=\"aux-modern-heading-primary\">Aprende algo m\u00e1s de nuestras \u00faltimas noticias<\/h5><\/div>\n        <\/section>\t\t\t\t<\/div>\n\t\t\t\t<\/div>\n\t\t\t\t<\/div>\n\t\t<div class=\"elementor-element elementor-element-4a41eb1 e-con-full e-flex e-con e-child\" data-id=\"4a41eb1\" data-element_type=\"container\">\n\t\t\t\t<div class=\"elementor-element elementor-element-7a6e458 aux-appear-watch-animation aux-fade-in elementor-widget elementor-widget-text-editor\" data-id=\"7a6e458\" data-element_type=\"widget\" data-widget_type=\"text-editor.default\">\n\t\t\t\t<div class=\"elementor-widget-container\">\n\t\t\t\t\t\t\t\t\t<p>\u00a1Mantente informado con nuestras \u00faltimas noticias! Descubre las novedades m\u00e1s importantes del momento y no te pierdas ning\u00fan detalle. Sigue leyendo para estar siempre al d\u00eda.and the breath of that universal love which bears and sustains us, as it floats around us in an eternity of bliss .and then my friend, when darkness overspreads .\u00a0<\/p>\t\t\t\t\t\t\t\t<\/div>\n\t\t\t\t<\/div>\n\t\t\t\t<\/div>\n\t\t\t\t<\/div>\n\t\t<div class=\"elementor-element elementor-element-c3eb38e e-con-full e-flex e-con e-child\" data-id=\"c3eb38e\" data-element_type=\"container\" data-settings=\"{&quot;background_background&quot;:&quot;classic&quot;}\">\n\t\t\t\t<div class=\"elementor-element elementor-element-bc72d7a elementor-hidden-phone elementor-widget__width-initial elementor-absolute elementor-widget elementor-widget-aux_image\" data-id=\"bc72d7a\" data-element_type=\"widget\" data-settings=\"{&quot;_position&quot;:&quot;absolute&quot;}\" data-widget_type=\"aux_image.default\">\n\t\t\t\t<div class=\"elementor-widget-container\">\n\t\t\t\t\t<section class=\"widget-container aux-widget-image aux-alignnone aux-parent-aub8a1ea1c\">\n    <div class=\"aux-media-hint-frame\">\n        <div class=\"aux-media-image\" >\n        \n            \n\n            \n                        \n                <\/div>\n    <\/div>\n\n<\/section><!-- widget-container -->\t\t\t\t<\/div>\n\t\t\t\t<\/div>\n\t\t\t\t<div class=\"elementor-element elementor-element-1c8a57d elementor-widget elementor-widget-aux_recent_posts\" data-id=\"1c8a57d\" data-element_type=\"widget\" data-settings=\"{&quot;columns&quot;:&quot;3&quot;,&quot;columns_tablet&quot;:&quot;inherit&quot;,&quot;columns_mobile&quot;:&quot;1&quot;}\" data-widget_type=\"aux_recent_posts.default\">\n\t\t\t\t<div class=\"elementor-widget-container\">\n\t\t\t\t\t<section class=\"widget-container aux-widget-recent-posts aux-parent-auec4601e2\"><div data-element-id=\"auec4601e2\" class=\"aux-match-height aux-row aux-de-col3 aux-tb-col3 aux-mb-col1 aux-total-3 aux-ajax-view\"><div class=\"aux-col post-149\">\n                        <article class=\"post column-entry post-149 type-post status-publish format-standard has-post-thumbnail hentry category-sin-categoria category-uncategorized tag-blog\">\n                                                        <div class=\"entry-media\"><div class=\"aux-media-frame aux-media-image aux-image-mask\"><a href=\"https:\/\/vinali.online\/ca\/2019\/05\/03\/what-we-are-capable-of-usually-gets-discovered\/\"><img decoding=\"async\" src=\"https:\/\/vinali.online\/wp-content\/uploads\/2019\/04\/mature-businessman-in-gray-suit-in-the-office-PSEXZSV-637x478.jpg\" class=\"aux-attachment aux-featured-image attachment-370x370 aux-attachment-id-132\" alt=\"demo-attachment-169-mature-businessman-in-gray-suit-in-the-office-PSEXZSV\" srcset=\"https:\/\/vinali.online\/wp-content\/uploads\/2019\/04\/mature-businessman-in-gray-suit-in-the-office-PSEXZSV-150x113.jpg 150w,https:\/\/vinali.online\/wp-content\/uploads\/2019\/04\/mature-businessman-in-gray-suit-in-the-office-PSEXZSV-300x225.jpg 300w,https:\/\/vinali.online\/wp-content\/uploads\/2019\/04\/mature-businessman-in-gray-suit-in-the-office-PSEXZSV-637x478.jpg 370w,https:\/\/vinali.online\/wp-content\/uploads\/2019\/04\/mature-businessman-in-gray-suit-in-the-office-PSEXZSV-360x270.jpg 360w\" data-ratio=\"1.33\" data-original-w=\"370\" sizes=\"(max-width:479px) 480px,(max-width:767px) 768px,(max-width:1023px) 1024px,370px\" \/><\/a><\/div><\/div>\n                            \n                            <div class=\"entry-main\">\n                                                                                        \n                                <div class=\"entry-info\">\n                                                                    <div class=\"entry-date\">\n                                        <a href=\"https:\/\/vinali.online\/ca\/2019\/05\/03\/what-we-are-capable-of-usually-gets-discovered\/\">\n                                            <time datetime=\"2019-05-03T22:05:31+02:00\" title=\"2019-05-03T22:05:31+02:00\" >3 de maig de 2019<\/time>\n                                        <\/a>\n                                    <\/div>\n                                                                                                    <span class=\"entry-meta-sep meta-sep\">by<\/span>\n                                    <span class=\"author vcard\">\n                                        <a href=\"https:\/\/vinali.online\/ca\/author\/admin\/\" rel=\"author\" title=\"View all posts by admin\" >\n                                            admin                                        <\/a>\n                                    <\/span>\n                                                                                                                                                                        <\/div>\n                            \n                                <header class=\"entry-header\">\n                                \n                                    <h4 class=\"entry-title\">\n                                        <a href=\"https:\/\/vinali.online\/ca\/2019\/05\/03\/what-we-are-capable-of-usually-gets-discovered\/\">\n                                            Blog 1                                        <\/a>\n                                    <\/h4>\n                                                                    <div class=\"entry-format\">\n                                        <a href=\"https:\/\/vinali.online\/ca\/2019\/05\/03\/what-we-are-capable-of-usually-gets-discovered\/\">\n                                            <div class=\"post-format format-\"> <\/div>\n                                        <\/a>\n                                    <\/div>\n                                <\/header>\n                            \n                                                                                        <footer class=\"entry-meta aux-after-content\">\n                                                                        <div class=\"readmore\">\n                                        <a href=\"https:\/\/vinali.online\/ca\/2019\/05\/03\/what-we-are-capable-of-usually-gets-discovered\/\" class=\"aux-read-more\"><span class=\"aux-read-more-text\">Read More<\/span><\/a>\n                                    <\/div>\n                                                                        <div class=\"comments-iconic\">\n                                                                            <\/div>\n                                                                    <\/footer>\n                            \n                            <\/div>\n\n                        <\/article>\n<\/div><div class=\"aux-col post-150\">\n                        <article class=\"post column-entry post-150 type-post status-publish format-standard has-post-thumbnail hentry category-sin-categoria category-uncategorized\">\n                                                        <div class=\"entry-media\"><div class=\"aux-media-frame aux-media-image aux-image-mask\"><a href=\"https:\/\/vinali.online\/ca\/2019\/05\/03\/what-we-are-capable-of-usually-gets-discovered-2\/\"><img decoding=\"async\" src=\"https:\/\/vinali.online\/wp-content\/uploads\/2019\/04\/portrait-of-a-successful-young-businessman-YJVR3KZ-637x478.jpg\" class=\"aux-attachment aux-featured-image attachment-370x370 aux-attachment-id-131\" alt=\"demo-attachment-179-portrait-of-a-successful-young-businessman-YJVR3KZ\" srcset=\"https:\/\/vinali.online\/wp-content\/uploads\/2019\/04\/portrait-of-a-successful-young-businessman-YJVR3KZ-150x113.jpg 150w,https:\/\/vinali.online\/wp-content\/uploads\/2019\/04\/portrait-of-a-successful-young-businessman-YJVR3KZ-300x225.jpg 300w,https:\/\/vinali.online\/wp-content\/uploads\/2019\/04\/portrait-of-a-successful-young-businessman-YJVR3KZ-637x478.jpg 370w,https:\/\/vinali.online\/wp-content\/uploads\/2019\/04\/portrait-of-a-successful-young-businessman-YJVR3KZ-360x270.jpg 360w\" data-ratio=\"1.33\" data-original-w=\"370\" sizes=\"(max-width:479px) 480px,(max-width:767px) 768px,(max-width:1023px) 1024px,370px\" \/><\/a><\/div><\/div>\n                            \n                            <div class=\"entry-main\">\n                                                                                        \n                                <div class=\"entry-info\">\n                                                                    <div class=\"entry-date\">\n                                        <a href=\"https:\/\/vinali.online\/ca\/2019\/05\/03\/what-we-are-capable-of-usually-gets-discovered-2\/\">\n                                            <time datetime=\"2019-05-03T22:05:12+02:00\" title=\"2019-05-03T22:05:12+02:00\" >3 de maig de 2019<\/time>\n                                        <\/a>\n                                    <\/div>\n                                                                                                    <span class=\"entry-meta-sep meta-sep\">by<\/span>\n                                    <span class=\"author vcard\">\n                                        <a href=\"https:\/\/vinali.online\/ca\/author\/admin\/\" rel=\"author\" title=\"View all posts by admin\" >\n                                            admin                                        <\/a>\n                                    <\/span>\n                                                                                                                                                                        <\/div>\n                            \n                                <header class=\"entry-header\">\n                                \n                                    <h4 class=\"entry-title\">\n                                        <a href=\"https:\/\/vinali.online\/ca\/2019\/05\/03\/what-we-are-capable-of-usually-gets-discovered-2\/\">\n                                            Blog 2                                        <\/a>\n                                    <\/h4>\n                                                                    <div class=\"entry-format\">\n                                        <a href=\"https:\/\/vinali.online\/ca\/2019\/05\/03\/what-we-are-capable-of-usually-gets-discovered-2\/\">\n                                            <div class=\"post-format format-\"> <\/div>\n                                        <\/a>\n                                    <\/div>\n                                <\/header>\n                            \n                                                                                        <footer class=\"entry-meta aux-after-content\">\n                                                                        <div class=\"readmore\">\n                                        <a href=\"https:\/\/vinali.online\/ca\/2019\/05\/03\/what-we-are-capable-of-usually-gets-discovered-2\/\" class=\"aux-read-more\"><span class=\"aux-read-more-text\">Read More<\/span><\/a>\n                                    <\/div>\n                                                                        <div class=\"comments-iconic\">\n                                                                            <\/div>\n                                                                    <\/footer>\n                            \n                            <\/div>\n\n                        <\/article>\n<\/div><div class=\"aux-col post-151\">\n                        <article class=\"post column-entry post-151 type-post status-publish format-standard has-post-thumbnail hentry category-sin-categoria category-uncategorized\">\n                                                        <div class=\"entry-media\"><div class=\"aux-media-frame aux-media-image aux-image-mask\"><a href=\"https:\/\/vinali.online\/ca\/2019\/05\/03\/what-we-are-capable-of-usually-gets-discovered-3\/\"><img decoding=\"async\" src=\"https:\/\/vinali.online\/wp-content\/uploads\/2020\/07\/Mask_Group_4-637x478.jpg\" class=\"aux-attachment aux-featured-image attachment-371x477.5 aux-attachment-id-110\" alt=\"demo-attachment-1376-Mask_Group_4\" srcset=\"https:\/\/vinali.online\/wp-content\/uploads\/2020\/07\/Mask_Group_4-150x113.jpg 150w,https:\/\/vinali.online\/wp-content\/uploads\/2020\/07\/Mask_Group_4-300x225.jpg 300w,https:\/\/vinali.online\/wp-content\/uploads\/2020\/07\/Mask_Group_4-637x478.jpg 371w,https:\/\/vinali.online\/wp-content\/uploads\/2020\/07\/Mask_Group_4-361x270.jpg 361w\" data-ratio=\"1.33\" data-original-w=\"371\" sizes=\"(max-width:479px) 480px,(max-width:767px) 768px,(max-width:1023px) 1024px,371px\" \/><\/a><\/div><\/div>\n                            \n                            <div class=\"entry-main\">\n                                                                                        \n                                <div class=\"entry-info\">\n                                                                    <div class=\"entry-date\">\n                                        <a href=\"https:\/\/vinali.online\/ca\/2019\/05\/03\/what-we-are-capable-of-usually-gets-discovered-3\/\">\n                                            <time datetime=\"2019-05-03T22:04:39+02:00\" title=\"2019-05-03T22:04:39+02:00\" >3 de maig de 2019<\/time>\n                                        <\/a>\n                                    <\/div>\n                                                                                                    <span class=\"entry-meta-sep meta-sep\">by<\/span>\n                                    <span class=\"author vcard\">\n                                        <a href=\"https:\/\/vinali.online\/ca\/author\/admin\/\" rel=\"author\" title=\"View all posts by admin\" >\n                                            admin                                        <\/a>\n                                    <\/span>\n                                                                                                                                                                        <\/div>\n                            \n                                <header class=\"entry-header\">\n                                \n                                    <h4 class=\"entry-title\">\n                                        <a href=\"https:\/\/vinali.online\/ca\/2019\/05\/03\/what-we-are-capable-of-usually-gets-discovered-3\/\">\n                                            Blog 3                                        <\/a>\n                                    <\/h4>\n                                                                    <div class=\"entry-format\">\n                                        <a href=\"https:\/\/vinali.online\/ca\/2019\/05\/03\/what-we-are-capable-of-usually-gets-discovered-3\/\">\n                                            <div class=\"post-format format-\"> <\/div>\n                                        <\/a>\n                                    <\/div>\n                                <\/header>\n                            \n                                                                                        <footer class=\"entry-meta aux-after-content\">\n                                                                        <div class=\"readmore\">\n                                        <a href=\"https:\/\/vinali.online\/ca\/2019\/05\/03\/what-we-are-capable-of-usually-gets-discovered-3\/\" class=\"aux-read-more\"><span class=\"aux-read-more-text\">Read More<\/span><\/a>\n                                    <\/div>\n                                                                        <div class=\"comments-iconic\">\n                                                                            <\/div>\n                                                                    <\/footer>\n                            \n                            <\/div>\n\n                        <\/article>\n<\/div><\/div><\/section><!-- widget-container -->\t\t\t\t<\/div>\n\t\t\t\t<\/div>\n\t\t\t\t<\/div>\n\t\t\t\t\t<\/div>\n\t\t\t\t<\/div>\n\t\t\t\t<\/div>","protected":false},"excerpt":{"rendered":"<p>BLOG Aprende algo m\u00e1s de nuestras \u00faltimas noticias \u00a1Mantente informado con nuestras \u00faltimas noticias! Descubre las novedades m\u00e1s importantes del momento y no te pierdas ning\u00fan detalle. Sigue leyendo para estar siempre al d\u00eda.and the breath of that universal love which bears and sustains us, as it floats around us in an eternity of bliss [&hellip;]<\/p>","protected":false},"author":1,"featured_media":0,"parent":0,"menu_order":0,"comment_status":"closed","ping_status":"closed","template":"templates\/page-builder-content.php","meta":{"footnotes":""},"class_list":["post-156","page","type-page","status-publish","hentry"],"_links":{"self":[{"href":"https:\/\/vinali.online\/ca\/wp-json\/wp\/v2\/pages\/156","targetHints":{"allow":["GET"]}}],"collection":[{"href":"https:\/\/vinali.online\/ca\/wp-json\/wp\/v2\/pages"}],"about":[{"href":"https:\/\/vinali.online\/ca\/wp-json\/wp\/v2\/types\/page"}],"author":[{"embeddable":true,"href":"https:\/\/vinali.online\/ca\/wp-json\/wp\/v2\/users\/1"}],"replies":[{"embeddable":true,"href":"https:\/\/vinali.online\/ca\/wp-json\/wp\/v2\/comments?post=156"}],"version-history":[{"count":3,"href":"https:\/\/vinali.online\/ca\/wp-json\/wp\/v2\/pages\/156\/revisions"}],"predecessor-version":[{"id":279,"href":"https:\/\/vinali.online\/ca\/wp-json\/wp\/v2\/pages\/156\/revisions\/279"}],"wp:attachment":[{"href":"https:\/\/vinali.online\/ca\/wp-json\/wp\/v2\/media?parent=156"}],"curies":[{"name":"wp","href":"https:\/\/api.w.org\/{rel}","templated":true}]}}